{"id":1199,"date":"2026-03-05T03:13:04","date_gmt":"2026-03-05T02:13:04","guid":{"rendered":"https:\/\/princepalace.fr\/?page_id=1199"},"modified":"2026-04-01T14:36:46","modified_gmt":"2026-04-01T12:36:46","slug":"afterworks","status":"publish","type":"page","link":"https:\/\/princepalace.fr\/en\/afterworks\/","title":{"rendered":"After work"},"content":{"rendered":"<p>[et_pb_section fb_built=\u00a0\u00bb1&Prime; custom_padding_last_edited=\u00a0\u00bbon|phone\u00a0\u00bb admin_label=\u00a0\u00bbHeader\u00a0\u00bb _builder_version=\u00a0\u00bb4.27.4&Prime; background_color_gradient_direction=\u00a0\u00bb90deg\u00a0\u00bb background_image=\u00a0\u00bbhttp:\/\/princepalace.fr\/wp-content\/uploads\/2025\/04\/DSC08640.jpg\u00a0\u00bb min_height=\u00a0\u00bb183.7px\u00a0\u00bb custom_margin=\u00a0\u00bb||4px|||\u00a0\u00bb custom_padding=\u00a0\u00bb40px|40px|40px|40px|true|true\u00a0\u00bb custom_padding_tablet=\u00a0\u00bb|10%||10%|false|true\u00a0\u00bb custom_padding_phone=\u00a0\u00bb|5%||5%|false|true\u00a0\u00bb locked=\u00a0\u00bboff\u00a0\u00bb global_colors_info=\u00a0\u00bb{}\u00a0\u00bb][et_pb_row column_structure=\u00a0\u00bb2_5,3_5&Prime; _builder_version=\u00a0\u00bb4.20.4&Prime; z_index=\u00a0\u00bb0&Prime; width=\u00a0\u00bb100%\u00a0\u00bb max_width=\u00a0\u00bb100%\u00a0\u00bb custom_padding=\u00a0\u00bb0px||0px||true|false\u00a0\u00bb border_width_all=\u00a0\u00bb4px\u00a0\u00bb border_color_all=\u00a0\u00bb#ffcf9a\u00a0\u00bb border_width_all_tablet=\u00a0\u00bb2px\u00a0\u00bb border_width_all_phone=\u00a0\u00bb\u00a0\u00bb border_width_all_last_edited=\u00a0\u00bbon|desktop\u00a0\u00bb box_shadow_style=\u00a0\u00bbpreset1&Prime; box_shadow_blur=\u00a0\u00bb0px\u00a0\u00bb box_shadow_spread=\u00a0\u00bb80px\u00a0\u00bb box_shadow_color=\u00a0\u00bbrgba(0,0,0,0.7)\u00a0\u00bb global_colors_info=\u00a0\u00bb{}\u00a0\u00bb][et_pb_column type=\u00a0\u00bb2_5&Prime; _builder_version=\u00a0\u00bb4.16&Prime; global_colors_info=\u00a0\u00bb{}\u00a0\u00bb][\/et_pb_column][et_pb_column type=\u00a0\u00bb3_5&Prime; _builder_version=\u00a0\u00bb4.20.4&Prime; background_color=\u00a0\u00bbrgba(0,0,0,0.74)\u00a0\u00bb custom_padding=\u00a0\u00bb10vw|80px|150px|80px|false|true\u00a0\u00bb custom_padding_tablet=\u00a0\u00bb60px|60px|60px|60px|true|true\u00a0\u00bb custom_padding_phone=\u00a0\u00bb20px|20px|20px|20px|true|true\u00a0\u00bb custom_padding_last_edited=\u00a0\u00bbon|phone\u00a0\u00bb background_color_tablet=\u00a0\u00bbrgba(0,0,0,0.76)\u00a0\u00bb background_last_edited=\u00a0\u00bbon|phone\u00a0\u00bb background_enable_color_tablet=\u00a0\u00bbon\u00a0\u00bb global_colors_info=\u00a0\u00bb{}\u00a0\u00bb][et_pb_text _builder_version=\u00a0\u00bb4.20.4&Prime; text_font_size=\u00a0\u00bb13px\u00a0\u00bb header_font=\u00a0\u00bbPlayfair Display||||||||\u00a0\u00bb header_text_color=\u00a0\u00bb#ffebd6&Prime; header_font_size=\u00a0\u00bb80px\u00a0\u00bb header_line_height=\u00a0\u00bb1.2em\u00a0\u00bb header_3_font=\u00a0\u00bb|700||on|||||\u00a0\u00bb header_3_text_color=\u00a0\u00bb#ffcf9a\u00a0\u00bb header_3_font_size=\u00a0\u00bb14px\u00a0\u00bb header_3_letter_spacing=\u00a0\u00bb2px\u00a0\u00bb header_3_line_height=\u00a0\u00bb1.2em\u00a0\u00bb background_layout=\u00a0\u00bbdark\u00a0\u00bb max_width=\u00a0\u00bb550px\u00a0\u00bb custom_padding=\u00a0\u00bb|||0px||\u00a0\u00bb header_font_size_tablet=\u00a0\u00bb80px\u00a0\u00bb header_font_size_phone=\u00a0\u00bb40px\u00a0\u00bb header_font_size_last_edited=\u00a0\u00bbon|phone\u00a0\u00bb global_colors_info=\u00a0\u00bb{}\u00a0\u00bb]<\/p>\n<h3><\/h3>\n<h1>After work<\/h1>\n<p>[\/et_pb_text][\/et_pb_column][\/et_pb_row][\/et_pb_section][et_pb_section fb_built=\u00a0\u00bb1&Prime; custom_padding_last_edited=\u00a0\u00bbon|phone\u00a0\u00bb admin_label=\u00a0\u00bbHeader\u00a0\u00bb _builder_version=\u00a0\u00bb4.27.4&Prime; background_color=\u00a0\u00bb#000000&Prime; background_color_gradient_direction=\u00a0\u00bb90deg\u00a0\u00bb background_enable_image=\u00a0\u00bboff\u00a0\u00bb background_size=\u00a0\u00bbcontain\u00a0\u00bb width=\u00a0\u00bb100%\u00a0\u00bb max_width=\u00a0\u00bb100%\u00a0\u00bb min_height=\u00a0\u00bb438px\u00a0\u00bb height=\u00a0\u00bb700px\u00a0\u00bb max_height=\u00a0\u00bb1000px\u00a0\u00bb custom_padding=\u00a0\u00bb40px|40px|40px|40px|true|true\u00a0\u00bb custom_padding_tablet=\u00a0\u00bb|10%||10%|false|true\u00a0\u00bb custom_padding_phone=\u00a0\u00bb4px|5%|40px|5%|false|true\u00a0\u00bb locked=\u00a0\u00bboff\u00a0\u00bb global_colors_info=\u00a0\u00bb{}\u00a0\u00bb][et_pb_row _builder_version=\u00a0\u00bb4.27.4&Prime; _module_preset=\u00a0\u00bbdefault\u00a0\u00bb width=\u00a0\u00bb100%\u00a0\u00bb global_colors_info=\u00a0\u00bb{}\u00a0\u00bb][et_pb_column type=\u00a0\u00bb4_4&Prime; _builder_version=\u00a0\u00bb4.27.4&Prime; _module_preset=\u00a0\u00bbdefault\u00a0\u00bb global_colors_info=\u00a0\u00bb{}\u00a0\u00bb][et_pb_image src=\u00a0\u00bbhttp:\/\/princepalace.fr\/wp-content\/uploads\/2026\/03\/Capture-decran-2026-03-20-a-04.04.26.png\u00a0\u00bb title_text=\u00a0\u00bbCapture d\u2019e\u0301cran 2026-03-20 a\u0300 04.04.26&Prime; _builder_version=\u00a0\u00bb4.27.4&Prime; _module_preset=\u00a0\u00bbdefault\u00a0\u00bb global_colors_info=\u00a0\u00bb{}\u00a0\u00bb][\/et_pb_image][\/et_pb_column][\/et_pb_row][et_pb_row _builder_version=\u00a0\u00bb4.27.4&Prime; _module_preset=\u00a0\u00bbdefault\u00a0\u00bb width=\u00a0\u00bb100%\u00a0\u00bb min_height=\u00a0\u00bb204.4px\u00a0\u00bb global_colors_info=\u00a0\u00bb{}\u00a0\u00bb][et_pb_column type=\u00a0\u00bb4_4&Prime; _builder_version=\u00a0\u00bb4.27.4&Prime; _module_preset=\u00a0\u00bbdefault\u00a0\u00bb global_colors_info=\u00a0\u00bb{}\u00a0\u00bb][et_pb_image src=\u00a0\u00bbhttp:\/\/princepalace.fr\/wp-content\/uploads\/2026\/03\/Capture-decran-2026-03-20-a-04.04.41.png\u00a0\u00bb title_text=\u00a0\u00bbCapture d\u2019e\u0301cran 2026-03-20 a\u0300 04.04.41&Prime; _builder_version=\u00a0\u00bb4.27.4&Prime; _module_preset=\u00a0\u00bbdefault\u00a0\u00bb global_colors_info=\u00a0\u00bb{}\u00a0\u00bb][\/et_pb_image][\/et_pb_column][\/et_pb_row][\/et_pb_section][et_pb_section fb_built=\u00a0\u00bb1&Prime; admin_label=\u00a0\u00bbFooter\u00a0\u00bb _builder_version=\u00a0\u00bb4.20.4&Prime; background_color=\u00a0\u00bb#000000&Prime; min_height=\u00a0\u00bb790px\u00a0\u00bb saved_tabs=\u00a0\u00bball\u00a0\u00bb locked=\u00a0\u00bboff\u00a0\u00bb global_colors_info=\u00a0\u00bb{}\u00a0\u00bb][et_pb_row _builder_version=\u00a0\u00bb4.16&Prime; global_colors_info=\u00a0\u00bb{}\u00a0\u00bb][et_pb_column type=\u00a0\u00bb4_4&Prime; _builder_version=\u00a0\u00bb4.16&Prime; global_colors_info=\u00a0\u00bb{}\u00a0\u00bb][et_pb_text _builder_version=\u00a0\u00bb4.27.4&Prime; text_font=\u00a0\u00bbMontserrat|700|||||||\u00a0\u00bb text_text_color=\u00a0\u00bb#ffcf9a\u00a0\u00bb text_font_size=\u00a0\u00bb24px\u00a0\u00bb text_line_height=\u00a0\u00bb1.5em\u00a0\u00bb header_3_font=\u00a0\u00bb|700||on|||||\u00a0\u00bb header_3_text_color=\u00a0\u00bbrgba(255,207,154,0.4)\u00a0\u00bb header_3_font_size=\u00a0\u00bb14px\u00a0\u00bb header_3_letter_spacing=\u00a0\u00bb2px\u00a0\u00bb header_3_line_height=\u00a0\u00bb1.2em\u00a0\u00bb text_orientation=\u00a0\u00bbcenter\u00a0\u00bb background_layout=\u00a0\u00bbdark\u00a0\u00bb max_width=\u00a0\u00bb579px\u00a0\u00bb module_alignment=\u00a0\u00bbcenter\u00a0\u00bb custom_margin=\u00a0\u00bb|234px||||\u00a0\u00bb custom_margin_tablet=\u00a0\u00bb||40px||false|false\u00a0\u00bb custom_margin_phone=\u00a0\u00bb||30px||false|false\u00a0\u00bb custom_margin_last_edited=\u00a0\u00bboff|phone\u00a0\u00bb custom_padding=\u00a0\u00bb|0px|18px||false|false\u00a0\u00bb text_font_size_tablet=\u00a0\u00bb24px\u00a0\u00bb text_font_size_phone=\u00a0\u00bb14px\u00a0\u00bb text_font_size_last_edited=\u00a0\u00bbon|phone\u00a0\u00bb border_width_bottom=\u00a0\u00bb1px\u00a0\u00bb text_text_align=\u00a0\u00bbcenter\u00a0\u00bb locked=\u00a0\u00bboff\u00a0\u00bb global_colors_info=\u00a0\u00bb{}\u00a0\u00bb]<\/p>\n<div style=\"margin: 0; line-height: 1; text-align: center;\">\n<h3><span style=\"display: block; margin: 0 0 6px 0; color: rgba(255,207,154,0.85); font-family: 'Georgia Pro', Georgia, serif; font-weight: bold; text-transform: uppercase; letter-spacing: 0.08em; font-size: 18px;\"><br \/>Localisation id\u00e9ale en Plein Paris<\/span><\/h3>\n<p><span style=\"display: block; margin: 0; color: #7a6242; font-family: inherit; font-weight: bold; text-transform: uppercase; letter-spacing: 0.12em; font-size: 13px;\"><\/span><\/p>\n<p><span style=\"display: block; margin: 0; color: #7a6242; font-family: inherit; font-weight: bold; text-transform: uppercase; letter-spacing: 0.12em; font-size: 13px;\"><br \/>ADRESSE<\/span><\/p>\n<p><a href=\"\/\"><span style=\"display: block; margin: 0; color: #7a6242; font-family: inherit; font-weight: bold; text-transform: uppercase; letter-spacing: 0.12em; font-size: 13px;\">Restaurant Champs elysees<\/span><\/a><\/p>\n<p><span style=\"display: block; margin: 0; line-height: 1;\">76 Av. des Champs-\u00c9lys\u00e9es, 75008 Paris<\/span><\/p>\n<p><span style=\"display: block; margin: 0; line-height: 1;\">59 Rue de Ponthieu, 75008<br \/><\/span><\/p>\n<\/div>\n<p>[\/et_pb_text][et_pb_text _builder_version=\u00a0\u00bb4.27.4&Prime; text_font=\u00a0\u00bbMontserrat|700|||||||\u00a0\u00bb text_text_color=\u00a0\u00bb#ffcf9a\u00a0\u00bb text_font_size=\u00a0\u00bb24px\u00a0\u00bb text_line_height=\u00a0\u00bb1.5em\u00a0\u00bb link_font=\u00a0\u00bb||||on|||rgba(255,207,154,0.35)|\u00a0\u00bb link_text_color=\u00a0\u00bb#ffcf9a\u00a0\u00bb header_3_font=\u00a0\u00bb|700||on|||||\u00a0\u00bb header_3_text_color=\u00a0\u00bbrgba(255,207,154,0.4)\u00a0\u00bb header_3_font_size=\u00a0\u00bb14px\u00a0\u00bb header_3_letter_spacing=\u00a0\u00bb2px\u00a0\u00bb header_3_line_height=\u00a0\u00bb1.2em\u00a0\u00bb text_orientation=\u00a0\u00bbcenter\u00a0\u00bb background_layout=\u00a0\u00bbdark\u00a0\u00bb max_width=\u00a0\u00bb550px\u00a0\u00bb module_alignment=\u00a0\u00bbcenter\u00a0\u00bb custom_margin_tablet=\u00a0\u00bb||40px||false|false\u00a0\u00bb custom_margin_phone=\u00a0\u00bb||30px||false|false\u00a0\u00bb custom_margin_last_edited=\u00a0\u00bboff|phone\u00a0\u00bb custom_padding=\u00a0\u00bb||18px||false|false\u00a0\u00bb text_font_size_tablet=\u00a0\u00bb24px\u00a0\u00bb text_font_size_phone=\u00a0\u00bb14px\u00a0\u00bb text_font_size_last_edited=\u00a0\u00bbon|phone\u00a0\u00bb border_width_bottom=\u00a0\u00bb1px\u00a0\u00bb text_text_align=\u00a0\u00bbcenter\u00a0\u00bb locked=\u00a0\u00bboff\u00a0\u00bb global_colors_info=\u00a0\u00bb{}\u00a0\u00bb]<\/p>\n<div style=\"margin: 0; line-height: 1;\"><span style=\"display: block; margin: 0; color: #7a6242; font-family: inherit; font-weight: bold; text-transform: uppercase; letter-spacing: 0.12em; font-size: 13px;\"><br \/>CONTACT (24H\/24 7J\/7)<br \/><\/span><br \/><span style=\"display: block; margin: 0; line-height: 1; font-weight: bold; font-size: 28px; color: #f5e3d3;\">01 59 13 32 68<br \/><\/span><\/div>\n<p>[\/et_pb_text][et_pb_text _builder_version=\u00a0\u00bb4.27.4&Prime; _module_preset=\u00a0\u00bbdefault\u00a0\u00bb global_colors_info=\u00a0\u00bb{}\u00a0\u00bb]<\/p>\n<div style=\"margin: 0; line-height: 1;\">\n<p style=\"text-align: center;\"><span style=\"display: block; margin: 0; color: rgba(255,207,154,0.85); font-family: inherit; font-weight: bold; text-transform: uppercase; letter-spacing: 0.12em; font-size: 13px;\">OUVERT TOUS LES JOURS<br \/><\/span><\/p>\n<p style=\"text-align: center;\"><span style=\"color: #f5e3d3;\">DU LUNDI AU DIMANCHE DE 17H00 \u00c0 05H00<\/span><\/p>\n<p style=\"text-align: center;\"><span style=\"display: block; margin: 4px 0 0 0; color: #f5e3d3;\">SERVICE EN CONTINU<\/span><\/p>\n<p><span style=\"display: block; margin: 0; color: rgba(255,207,154,0.85); font-family: inherit; font-weight: bold; text-transform: uppercase; letter-spacing: 0.12em; font-size: 13px;\">\u00a0<\/span><\/p>\n<\/div>\n<p>[\/et_pb_text][\/et_pb_column][\/et_pb_row][\/et_pb_section]<\/p>\n","protected":false},"excerpt":{"rendered":"<p>After work Localisation id\u00e9ale en Plein Paris ADRESSE Restaurant Champs elysees 76 Av. des Champs-\u00c9lys\u00e9es, 75008 Paris 59 Rue de Ponthieu, 75008 CONTACT (24H\/24 7J\/7)01 59 13 32 68 OUVERT TOUS LES JOURS DU LUNDI AU DIMANCHE DE 17H00 \u00c0 05H00 SERVICE EN CONTINU \u00a0<\/p>","protected":false},"author":1,"featured_media":0,"parent":0,"menu_order":0,"comment_status":"closed","ping_status":"closed","template":"","meta":{"_et_pb_use_builder":"on","_et_pb_old_content":"","_et_gb_content_width":"","footnotes":""},"class_list":["post-1199","page","type-page","status-publish","hentry"],"yoast_head":"<!-- This site is optimized with the Yoast SEO plugin v27.4 - https:\/\/yoast.com\/product\/yoast-seo-wordpress\/ -->\n<title>After work - princepalace.fr<\/title>\n<meta name=\"robots\" content=\"index, follow, max-snippet:-1, max-image-preview:large, max-video-preview:-1\" \/>\n<link rel=\"canonical\" href=\"https:\/\/princepalace.fr\/en\/afterworks\/\" \/>\n<meta property=\"og:locale\" content=\"en_US\" \/>\n<meta property=\"og:type\" content=\"article\" \/>\n<meta property=\"og:title\" content=\"After work - princepalace.fr\" \/>\n<meta property=\"og:description\" content=\"After work Localisation id\u00e9ale en Plein Paris ADRESSE Restaurant Champs elysees 76 Av. des Champs-\u00c9lys\u00e9es, 75008 Paris 59 Rue de Ponthieu, 75008 CONTACT (24H\/24 7J\/7)01 59 13 32 68 OUVERT TOUS LES JOURS DU LUNDI AU DIMANCHE DE 17H00 \u00c0 05H00 SERVICE EN CONTINU \u00a0\" \/>\n<meta property=\"og:url\" content=\"https:\/\/princepalace.fr\/en\/afterworks\/\" \/>\n<meta property=\"og:site_name\" content=\"princepalace.fr\" \/>\n<meta property=\"article:modified_time\" content=\"2026-04-01T12:36:46+00:00\" \/>\n<meta name=\"twitter:card\" content=\"summary_large_image\" \/>\n<meta name=\"twitter:label1\" content=\"Est. reading time\" \/>\n\t<meta name=\"twitter:data1\" content=\"1 minute\" \/>\n<script type=\"application\/ld+json\" class=\"yoast-schema-graph\">{\"@context\":\"https:\\\/\\\/schema.org\",\"@graph\":[{\"@type\":\"WebPage\",\"@id\":\"https:\\\/\\\/princepalace.fr\\\/afterworks\\\/\",\"url\":\"https:\\\/\\\/princepalace.fr\\\/afterworks\\\/\",\"name\":\"After work - princepalace.fr\",\"isPartOf\":{\"@id\":\"https:\\\/\\\/princepalace.fr\\\/#website\"},\"datePublished\":\"2026-03-05T02:13:04+00:00\",\"dateModified\":\"2026-04-01T12:36:46+00:00\",\"breadcrumb\":{\"@id\":\"https:\\\/\\\/princepalace.fr\\\/afterworks\\\/#breadcrumb\"},\"inLanguage\":\"en-US\",\"potentialAction\":[{\"@type\":\"ReadAction\",\"target\":[\"https:\\\/\\\/princepalace.fr\\\/afterworks\\\/\"]}]},{\"@type\":\"BreadcrumbList\",\"@id\":\"https:\\\/\\\/princepalace.fr\\\/afterworks\\\/#breadcrumb\",\"itemListElement\":[{\"@type\":\"ListItem\",\"position\":1,\"name\":\"Home\",\"item\":\"https:\\\/\\\/princepalace.fr\\\/\"},{\"@type\":\"ListItem\",\"position\":2,\"name\":\"After work\"}]},{\"@type\":\"WebSite\",\"@id\":\"https:\\\/\\\/princepalace.fr\\\/#website\",\"url\":\"https:\\\/\\\/princepalace.fr\\\/\",\"name\":\"princepalace.fr\",\"description\":\"\",\"publisher\":{\"@id\":\"https:\\\/\\\/princepalace.fr\\\/#organization\"},\"potentialAction\":[{\"@type\":\"SearchAction\",\"target\":{\"@type\":\"EntryPoint\",\"urlTemplate\":\"https:\\\/\\\/princepalace.fr\\\/?s={search_term_string}\"},\"query-input\":{\"@type\":\"PropertyValueSpecification\",\"valueRequired\":true,\"valueName\":\"search_term_string\"}}],\"inLanguage\":\"en-US\"},{\"@type\":\"Organization\",\"@id\":\"https:\\\/\\\/princepalace.fr\\\/#organization\",\"name\":\"princepalace.fr\",\"url\":\"https:\\\/\\\/princepalace.fr\\\/\",\"logo\":{\"@type\":\"ImageObject\",\"inLanguage\":\"en-US\",\"@id\":\"https:\\\/\\\/princepalace.fr\\\/#\\\/schema\\\/logo\\\/image\\\/\",\"url\":\"http:\\\/\\\/princepalace.fr\\\/wp-content\\\/uploads\\\/2024\\\/09\\\/cropped-logo-prince-palace.png\",\"contentUrl\":\"http:\\\/\\\/princepalace.fr\\\/wp-content\\\/uploads\\\/2024\\\/09\\\/cropped-logo-prince-palace.png\",\"width\":512,\"height\":512,\"caption\":\"princepalace.fr\"},\"image\":{\"@id\":\"https:\\\/\\\/princepalace.fr\\\/#\\\/schema\\\/logo\\\/image\\\/\"},\"sameAs\":[\"https:\\\/\\\/www.instagram.com\\\/princepalace_off\\\/?hl=fr\"]}]}<\/script>\n<!-- \/ Yoast SEO plugin. -->","yoast_head_json":{"title":"After work - princepalace.fr","robots":{"index":"index","follow":"follow","max-snippet":"max-snippet:-1","max-image-preview":"max-image-preview:large","max-video-preview":"max-video-preview:-1"},"canonical":"https:\/\/princepalace.fr\/en\/afterworks\/","og_locale":"en_US","og_type":"article","og_title":"After work - princepalace.fr","og_description":"After work Localisation id\u00e9ale en Plein Paris ADRESSE Restaurant Champs elysees 76 Av. des Champs-\u00c9lys\u00e9es, 75008 Paris 59 Rue de Ponthieu, 75008 CONTACT (24H\/24 7J\/7)01 59 13 32 68 OUVERT TOUS LES JOURS DU LUNDI AU DIMANCHE DE 17H00 \u00c0 05H00 SERVICE EN CONTINU \u00a0","og_url":"https:\/\/princepalace.fr\/en\/afterworks\/","og_site_name":"princepalace.fr","article_modified_time":"2026-04-01T12:36:46+00:00","twitter_card":"summary_large_image","twitter_misc":{"Est. reading time":"1 minute"},"schema":{"@context":"https:\/\/schema.org","@graph":[{"@type":"WebPage","@id":"https:\/\/princepalace.fr\/afterworks\/","url":"https:\/\/princepalace.fr\/afterworks\/","name":"After work - princepalace.fr","isPartOf":{"@id":"https:\/\/princepalace.fr\/#website"},"datePublished":"2026-03-05T02:13:04+00:00","dateModified":"2026-04-01T12:36:46+00:00","breadcrumb":{"@id":"https:\/\/princepalace.fr\/afterworks\/#breadcrumb"},"inLanguage":"en-US","potentialAction":[{"@type":"ReadAction","target":["https:\/\/princepalace.fr\/afterworks\/"]}]},{"@type":"BreadcrumbList","@id":"https:\/\/princepalace.fr\/afterworks\/#breadcrumb","itemListElement":[{"@type":"ListItem","position":1,"name":"Home","item":"https:\/\/princepalace.fr\/"},{"@type":"ListItem","position":2,"name":"After work"}]},{"@type":"WebSite","@id":"https:\/\/princepalace.fr\/#website","url":"https:\/\/princepalace.fr\/","name":"princepalace.fr","description":"","publisher":{"@id":"https:\/\/princepalace.fr\/#organization"},"potentialAction":[{"@type":"SearchAction","target":{"@type":"EntryPoint","urlTemplate":"https:\/\/princepalace.fr\/?s={search_term_string}"},"query-input":{"@type":"PropertyValueSpecification","valueRequired":true,"valueName":"search_term_string"}}],"inLanguage":"en-US"},{"@type":"Organization","@id":"https:\/\/princepalace.fr\/#organization","name":"princepalace.fr","url":"https:\/\/princepalace.fr\/","logo":{"@type":"ImageObject","inLanguage":"en-US","@id":"https:\/\/princepalace.fr\/#\/schema\/logo\/image\/","url":"http:\/\/princepalace.fr\/wp-content\/uploads\/2024\/09\/cropped-logo-prince-palace.png","contentUrl":"http:\/\/princepalace.fr\/wp-content\/uploads\/2024\/09\/cropped-logo-prince-palace.png","width":512,"height":512,"caption":"princepalace.fr"},"image":{"@id":"https:\/\/princepalace.fr\/#\/schema\/logo\/image\/"},"sameAs":["https:\/\/www.instagram.com\/princepalace_off\/?hl=fr"]}]}},"_links":{"self":[{"href":"https:\/\/princepalace.fr\/en\/wp-json\/wp\/v2\/pages\/1199","targetHints":{"allow":["GET"]}}],"collection":[{"href":"https:\/\/princepalace.fr\/en\/wp-json\/wp\/v2\/pages"}],"about":[{"href":"https:\/\/princepalace.fr\/en\/wp-json\/wp\/v2\/types\/page"}],"author":[{"embeddable":true,"href":"https:\/\/princepalace.fr\/en\/wp-json\/wp\/v2\/users\/1"}],"replies":[{"embeddable":true,"href":"https:\/\/princepalace.fr\/en\/wp-json\/wp\/v2\/comments?post=1199"}],"version-history":[{"count":15,"href":"https:\/\/princepalace.fr\/en\/wp-json\/wp\/v2\/pages\/1199\/revisions"}],"predecessor-version":[{"id":1248,"href":"https:\/\/princepalace.fr\/en\/wp-json\/wp\/v2\/pages\/1199\/revisions\/1248"}],"wp:attachment":[{"href":"https:\/\/princepalace.fr\/en\/wp-json\/wp\/v2\/media?parent=1199"}],"curies":[{"name":"wp","href":"https:\/\/api.w.org\/{rel}","templated":true}]}}