{"id":12,"date":"2023-04-10T21:57:21","date_gmt":"2023-04-10T19:57:21","guid":{"rendered":"https:\/\/princepalace.fr\/?page_id=12"},"modified":"2025-10-11T01:15:47","modified_gmt":"2025-10-10T23:15:47","slug":"dejeuner-diner","status":"publish","type":"page","link":"https:\/\/princepalace.fr\/en\/dejeuner-diner\/","title":{"rendered":"Lunch \u2022 Dinner"},"content":{"rendered":"<p>[et_pb_section fb_built=\u00a0\u00bb1&Prime; admin_label=\u00a0\u00bbHeader\u00a0\u00bb _builder_version=\u00a0\u00bb4.20.4&Prime; _module_preset=\u00a0\u00bbdefault\u00a0\u00bb use_background_color_gradient=\u00a0\u00bbon\u00a0\u00bb background_color_gradient_stops=\u00a0\u00bbrgba(31,35,44,0.7) 0%|gcid-9fa4a1b6-767d-41ca-984c-a6f10449c843 100%\u00a0\u00bb background_color_gradient_overlays_image=\u00a0\u00bbon\u00a0\u00bb background_image=\u00a0\u00bbhttp:\/\/princepalace.fr\/wp-content\/uploads\/2023\/07\/14062023-PrincePalace-5-scaled.jpg\u00a0\u00bb custom_padding=\u00a0\u00bb12vw||12vw||true|false\u00a0\u00bb collapsed=\u00a0\u00bbon\u00a0\u00bb global_colors_info=\u00a0\u00bb{%22gcid-9fa4a1b6-767d-41ca-984c-a6f10449c843%22:%91%22background_color_gradient_stops%22%93}\u00a0\u00bb][et_pb_row _builder_version=\u00a0\u00bb4.20.0&Prime; _module_preset=\u00a0\u00bbdefault\u00a0\u00bb max_width=\u00a0\u00bb800px\u00a0\u00bb global_colors_info=\u00a0\u00bb{}\u00a0\u00bb][et_pb_column type=\u00a0\u00bb4_4&Prime; _builder_version=\u00a0\u00bb4.20.0&Prime; _module_preset=\u00a0\u00bbdefault\u00a0\u00bb global_colors_info=\u00a0\u00bb{}\u00a0\u00bb][et_pb_image src=\u00a0\u00bbhttp:\/\/princepalace.fr\/wp-content\/uploads\/2023\/05\/attorney-1.png\u00a0\u00bb title_text=\u00a0\u00bbattorney-1&Prime; _builder_version=\u00a0\u00bb4.20.0&Prime; _module_preset=\u00a0\u00bbdefault\u00a0\u00bb max_width=\u00a0\u00bb130px\u00a0\u00bb module_alignment=\u00a0\u00bbcenter\u00a0\u00bb global_colors_info=\u00a0\u00bb{}\u00a0\u00bb][\/et_pb_image][et_pb_text _builder_version=\u00a0\u00bb4.20.4&Prime; _module_preset=\u00a0\u00bba597b0ae-ec80-4e6f-9b7b-ef4e8dda0090&Prime; text_font=\u00a0\u00bbTimes New Roman||||||||\u00a0\u00bb header_font=\u00a0\u00bbTimes New Roman|||on|||||\u00a0\u00bb header_text_color=\u00a0\u00bbgcid-11d3dbbb-f6dc-4fb8-929b-9d6994368d00&Prime; text_orientation=\u00a0\u00bbcenter\u00a0\u00bb global_colors_info=\u00a0\u00bb{%22gcid-11d3dbbb-f6dc-4fb8-929b-9d6994368d00%22:%91%22header_text_color%22%93}\u00a0\u00bb]<\/p>\n<h1>D\u00c9JEUNER &amp; DINER<\/h1>\n<p>[\/et_pb_text][et_pb_button button_url=\u00a0\u00bbhttps:\/\/www.opentable.fr\/r\/prince-palace-reservations-paris?restref=352911&#038;lang=fr-FR&#038;ot_source=Restaurant%20website\u00a0\u00bb button_text=\u00a0\u00bbRESERVER\u00a0\u00bb button_alignment=\u00a0\u00bbcenter\u00a0\u00bb _builder_version=\u00a0\u00bb4.20.4&Prime; _module_preset=\u00a0\u00bbb6693b65-dba9-4146-9a79-5f26fd3427da\u00a0\u00bb global_colors_info=\u00a0\u00bb{}\u00a0\u00bb][\/et_pb_button][\/et_pb_column][\/et_pb_row][\/et_pb_section][et_pb_section fb_built=\u00a0\u00bb1&Prime; admin_label=\u00a0\u00bbServices\u00a0\u00bb _builder_version=\u00a0\u00bb4.20.4&Prime; _module_preset=\u00a0\u00bbdefault\u00a0\u00bb background_color=\u00a0\u00bb#000000&Prime; collapsed=\u00a0\u00bbon\u00a0\u00bb global_colors_info=\u00a0\u00bb{%22gcid-2f3f3e09-0a26-4ea7-8906-5e1128945e3f%22:%91%22background_color_gradient_stops%22%93,%22gcid-9fa4a1b6-767d-41ca-984c-a6f10449c843%22:%91%22background_color_gradient_stops%22%93}\u00a0\u00bb][et_pb_row column_structure=\u00a0\u00bb1_2,1_2&Prime; make_equal=\u00a0\u00bbon\u00a0\u00bb _builder_version=\u00a0\u00bb4.20.4&Prime; _module_preset=\u00a0\u00bbdefault\u00a0\u00bb custom_margin=\u00a0\u00bb-10vw||||false|false\u00a0\u00bb global_colors_info=\u00a0\u00bb{}\u00a0\u00bb][et_pb_column type=\u00a0\u00bb1_2&Prime; _builder_version=\u00a0\u00bb4.20.0&Prime; _module_preset=\u00a0\u00bbdefault\u00a0\u00bb use_background_color_gradient=\u00a0\u00bbon\u00a0\u00bb background_color_gradient_stops=\u00a0\u00bbrgba(73,81,100,0.9) 0%|rgba(73,81,100,0.9) 100%\u00a0\u00bb background_color_gradient_overlays_image=\u00a0\u00bbon\u00a0\u00bb background_image=\u00a0\u00bbhttp:\/\/princepalace.fr\/wp-content\/uploads\/2023\/05\/paper-texture.jpg\u00a0\u00bb custom_padding=\u00a0\u00bb60px|30px|60px|30px|true|true\u00a0\u00bb custom_padding_tablet=\u00a0\u00bb40px||40px||true|false\u00a0\u00bb custom_padding_phone=\u00a0\u00bb30px|20px|30px|20px|true|true\u00a0\u00bb custom_padding_last_edited=\u00a0\u00bbon|desktop\u00a0\u00bb global_colors_info=\u00a0\u00bb{}\u00a0\u00bb][et_pb_image src=\u00a0\u00bbhttp:\/\/princepalace.fr\/wp-content\/uploads\/2023\/05\/attorney-1.png\u00a0\u00bb title_text=\u00a0\u00bbattorney-1&Prime; _builder_version=\u00a0\u00bb4.20.0&Prime; _module_preset=\u00a0\u00bbdefault\u00a0\u00bb max_width=\u00a0\u00bb130px\u00a0\u00bb module_alignment=\u00a0\u00bbcenter\u00a0\u00bb global_colors_info=\u00a0\u00bb{}\u00a0\u00bb][\/et_pb_image][et_pb_text _builder_version=\u00a0\u00bb4.27.4&Prime; _module_preset=\u00a0\u00bb173c168f-e7e9-446e-8d12-407522d11184&Prime; header_3_text_color=\u00a0\u00bb#FFFFFF\u00a0\u00bb text_orientation=\u00a0\u00bbcenter\u00a0\u00bb hover_enabled=\u00a0\u00bb0&Prime; global_colors_info=\u00a0\u00bb{}\u00a0\u00bb sticky_enabled=\u00a0\u00bb0&Prime;]<\/p>\n<h3>MENU<\/h3>\n<p>[\/et_pb_text][et_pb_button button_url=\u00a0\u00bbhttps:\/\/princepalace.fr\/carte-menu\/\u00a0\u00bb button_text=\u00a0\u00bbD\u00e9couvrez notre menu\u00a0\u00bb button_alignment=\u00a0\u00bbcenter\u00a0\u00bb _builder_version=\u00a0\u00bb4.27.4&Prime; _module_preset=\u00a0\u00bbb6693b65-dba9-4146-9a79-5f26fd3427da\u00a0\u00bb button_text_color=\u00a0\u00bb#C6A235&Prime; button_bg_color=\u00a0\u00bb#000000&Prime; locked=\u00a0\u00bboff\u00a0\u00bb global_colors_info=\u00a0\u00bb{}\u00a0\u00bb][\/et_pb_button][et_pb_text _builder_version=\u00a0\u00bb4.20.0&Prime; _module_preset=\u00a0\u00bbf2081cc1-b13f-42a6-925b-eab0cdfef006&Prime; text_text_color=\u00a0\u00bb#FFFFFF\u00a0\u00bb text_orientation=\u00a0\u00bbcenter\u00a0\u00bb global_colors_info=\u00a0\u00bb{}\u00a0\u00bb][\/et_pb_text][\/et_pb_column][et_pb_column type=\u00a0\u00bb1_2&Prime; _builder_version=\u00a0\u00bb4.20.0&Prime; _module_preset=\u00a0\u00bbdefault\u00a0\u00bb use_background_color_gradient=\u00a0\u00bbon\u00a0\u00bb background_color_gradient_stops=\u00a0\u00bbrgba(202,182,161,0.9) 0%|rgba(202,182,161,0.9) 100%\u00a0\u00bb background_color_gradient_overlays_image=\u00a0\u00bbon\u00a0\u00bb background_image=\u00a0\u00bbhttp:\/\/princepalace.fr\/wp-content\/uploads\/2023\/05\/paper-texture.jpg\u00a0\u00bb custom_padding=\u00a0\u00bb60px|30px|60px|30px|true|true\u00a0\u00bb custom_padding_tablet=\u00a0\u00bb40px||40px||true|false\u00a0\u00bb custom_padding_phone=\u00a0\u00bb30px|20px|30px|20px|true|true\u00a0\u00bb custom_padding_last_edited=\u00a0\u00bbon|desktop\u00a0\u00bb global_colors_info=\u00a0\u00bb{}\u00a0\u00bb][et_pb_image src=\u00a0\u00bbhttp:\/\/princepalace.fr\/wp-content\/uploads\/2023\/05\/attorney-2.png\u00a0\u00bb title_text=\u00a0\u00bbattorney-2&Prime; _builder_version=\u00a0\u00bb4.20.0&Prime; _module_preset=\u00a0\u00bbdefault\u00a0\u00bb max_width=\u00a0\u00bb130px\u00a0\u00bb module_alignment=\u00a0\u00bbcenter\u00a0\u00bb global_colors_info=\u00a0\u00bb{}\u00a0\u00bb][\/et_pb_image][et_pb_text _builder_version=\u00a0\u00bb4.20.0&Prime; _module_preset=\u00a0\u00bb173c168f-e7e9-446e-8d12-407522d11184&Prime; text_orientation=\u00a0\u00bbcenter\u00a0\u00bb global_colors_info=\u00a0\u00bb{}\u00a0\u00bb]<\/p>\n<h3>BOISSONS<\/h3>\n<p>[\/et_pb_text][et_pb_button button_url=\u00a0\u00bbhttps:\/\/princepalace.fr\/boissons\/\u00a0\u00bb button_text=\u00a0\u00bbVoir les boissons sp\u00e9ciales\u00a0\u00bb button_alignment=\u00a0\u00bbcenter\u00a0\u00bb _builder_version=\u00a0\u00bb4.27.4&Prime; _module_preset=\u00a0\u00bbb6693b65-dba9-4146-9a79-5f26fd3427da\u00a0\u00bb button_text_color=\u00a0\u00bb#C6A235&Prime; button_bg_color=\u00a0\u00bb#000000&Prime; locked=\u00a0\u00bboff\u00a0\u00bb global_colors_info=\u00a0\u00bb{}\u00a0\u00bb][\/et_pb_button][\/et_pb_column][\/et_pb_row][\/et_pb_section][et_pb_section fb_built=\u00a0\u00bb1&Prime; prev_background_color=\u00a0\u00bb#000000&Prime; admin_label=\u00a0\u00bbAbout\u00a0\u00bb _builder_version=\u00a0\u00bb4.20.4&Prime; _module_preset=\u00a0\u00bbdefault\u00a0\u00bb background_color=\u00a0\u00bb#000000&Prime; use_background_color_gradient=\u00a0\u00bbon\u00a0\u00bb background_color_gradient_stops=\u00a0\u00bbgcid-2f3f3e09-0a26-4ea7-8906-5e1128945e3f 20%|#454a53 20%|rgba(255,255,255,0) 100%\u00a0\u00bb top_divider_style=\u00a0\u00bbarrow2&Prime; collapsed=\u00a0\u00bbon\u00a0\u00bb global_colors_info=\u00a0\u00bb{%22gcid-2f3f3e09-0a26-4ea7-8906-5e1128945e3f%22:%91%22background_color_gradient_stops%22%93}\u00a0\u00bb][et_pb_row column_structure=\u00a0\u00bb1_3,1_3,1_3&Prime; _builder_version=\u00a0\u00bb4.20.4&Prime; _module_preset=\u00a0\u00bbdefault\u00a0\u00bb global_colors_info=\u00a0\u00bb{}\u00a0\u00bb][et_pb_column type=\u00a0\u00bb1_3&Prime; _builder_version=\u00a0\u00bb4.20.4&Prime; _module_preset=\u00a0\u00bbdefault\u00a0\u00bb global_colors_info=\u00a0\u00bb{}\u00a0\u00bb][et_pb_image src=\u00a0\u00bbhttp:\/\/princepalace.fr\/wp-content\/uploads\/2024\/10\/DSC02648.jpg\u00a0\u00bb alt=\u00a0\u00bbVue de dessus d&rsquo;un plat gastronomique compos\u00e9 de tranches de poisson cru et de fruits exotiques, d\u00e9cor\u00e9 d&rsquo;une feuille s\u00e9ch\u00e9e sur une assiette artistique aux motifs circulaires color\u00e9s.\u00a0\u00bb title_text=\u00a0\u00bb Pr\u00e9sentation d&rsquo;un plat gastronomique \u00e0 base de poisson et de fruits exotiques.\u00a0\u00bb _builder_version=\u00a0\u00bb4.20.4&Prime; _module_preset=\u00a0\u00bbdefault\u00a0\u00bb custom_margin=\u00a0\u00bb||-13px|||\u00a0\u00bb global_colors_info=\u00a0\u00bb{}\u00a0\u00bb][\/et_pb_image][\/et_pb_column][et_pb_column type=\u00a0\u00bb1_3&Prime; _builder_version=\u00a0\u00bb4.20.4&Prime; _module_preset=\u00a0\u00bbdefault\u00a0\u00bb global_colors_info=\u00a0\u00bb{}\u00a0\u00bb][et_pb_image src=\u00a0\u00bbhttp:\/\/princepalace.fr\/wp-content\/uploads\/2024\/10\/DSC02707.jpg\u00a0\u00bb alt=\u00a0\u00bbGros plan d&rsquo;un plat gastronomique avec une garniture croustillante rouge vif, accompagn\u00e9e de l\u00e9gumes finement hach\u00e9s et de morceaux de poisson frit.\u00a0\u00bb title_text=\u00a0\u00bbPlat gastronomique avec garniture artistique rouge et poisson frit.\u00a0\u00bb _builder_version=\u00a0\u00bb4.20.4&Prime; _module_preset=\u00a0\u00bbdefault\u00a0\u00bb global_colors_info=\u00a0\u00bb{}\u00a0\u00bb][\/et_pb_image][\/et_pb_column][et_pb_column type=\u00a0\u00bb1_3&Prime; _builder_version=\u00a0\u00bb4.20.4&Prime; _module_preset=\u00a0\u00bbdefault\u00a0\u00bb global_colors_info=\u00a0\u00bb{}\u00a0\u00bb][et_pb_image src=\u00a0\u00bbhttp:\/\/princepalace.fr\/wp-content\/uploads\/2024\/10\/DSC02857.jpg\u00a0\u00bb alt=\u00a0\u00bbGros plan d&rsquo;un dessert sophistiqu\u00e9 \u00e0 base de mousse blanche sur une cro\u00fbte croustillante, surmont\u00e9 de d\u00e9corations en chocolat blanc et d&rsquo;une sph\u00e8re dor\u00e9e brillante.\u00a0\u00bb title_text=\u00a0\u00bbDessert mousseux avec cro\u00fbte croustillante et d\u00e9coration dor\u00e9e.\u00a0\u00bb _builder_version=\u00a0\u00bb4.20.4&Prime; _module_preset=\u00a0\u00bbdefault\u00a0\u00bb global_colors_info=\u00a0\u00bb{}\u00a0\u00bb][\/et_pb_image][\/et_pb_column][\/et_pb_row][\/et_pb_section]<\/p>","protected":false},"excerpt":{"rendered":"<p>D\u00c9JEUNER &amp; DINERMENUBOISSONS<\/p>","protected":false},"author":1,"featured_media":0,"parent":0,"menu_order":0,"comment_status":"closed","ping_status":"closed","template":"","meta":{"_et_pb_use_builder":"on","_et_pb_old_content":"<!-- wp:divi\/placeholder \/-->","_et_gb_content_width":"","footnotes":""},"class_list":["post-12","page","type-page","status-publish","hentry"],"yoast_head":"<!-- This site is optimized with the Yoast SEO plugin v25.7 - https:\/\/yoast.com\/wordpress\/plugins\/seo\/ -->\n<title>D\u00e9jeuner Diner - princepalace.fr<\/title>\n<meta name=\"robots\" content=\"index, follow, max-snippet:-1, max-image-preview:large, max-video-preview:-1\" \/>\n<link rel=\"canonical\" href=\"https:\/\/princepalace.fr\/en\/dejeuner-diner\/\" \/>\n<meta property=\"og:locale\" content=\"en_US\" \/>\n<meta property=\"og:type\" content=\"article\" \/>\n<meta property=\"og:title\" content=\"D\u00e9jeuner Diner - princepalace.fr\" \/>\n<meta property=\"og:description\" content=\"D\u00c9JEUNER &amp; DINERMENUBOISSONS\" \/>\n<meta property=\"og:url\" content=\"https:\/\/princepalace.fr\/en\/dejeuner-diner\/\" \/>\n<meta property=\"og:site_name\" content=\"princepalace.fr\" \/>\n<meta property=\"article:modified_time\" content=\"2025-10-10T23:15:47+00:00\" \/>\n<meta name=\"twitter:card\" content=\"summary_large_image\" \/>\n<meta name=\"twitter:label1\" content=\"Est. reading time\" \/>\n\t<meta name=\"twitter:data1\" content=\"2 minutes\" \/>\n<script type=\"application\/ld+json\" class=\"yoast-schema-graph\">{\"@context\":\"https:\/\/schema.org\",\"@graph\":[{\"@type\":\"WebPage\",\"@id\":\"https:\/\/princepalace.fr\/dejeuner-diner\/\",\"url\":\"https:\/\/princepalace.fr\/dejeuner-diner\/\",\"name\":\"D\u00e9jeuner Diner - princepalace.fr\",\"isPartOf\":{\"@id\":\"https:\/\/princepalace.fr\/#website\"},\"datePublished\":\"2023-04-10T19:57:21+00:00\",\"dateModified\":\"2025-10-10T23:15:47+00:00\",\"breadcrumb\":{\"@id\":\"https:\/\/princepalace.fr\/dejeuner-diner\/#breadcrumb\"},\"inLanguage\":\"en-US\",\"potentialAction\":[{\"@type\":\"ReadAction\",\"target\":[\"https:\/\/princepalace.fr\/dejeuner-diner\/\"]}]},{\"@type\":\"BreadcrumbList\",\"@id\":\"https:\/\/princepalace.fr\/dejeuner-diner\/#breadcrumb\",\"itemListElement\":[{\"@type\":\"ListItem\",\"position\":1,\"name\":\"Home\",\"item\":\"https:\/\/princepalace.fr\/\"},{\"@type\":\"ListItem\",\"position\":2,\"name\":\"D\u00e9jeuner Diner\"}]},{\"@type\":\"WebSite\",\"@id\":\"https:\/\/princepalace.fr\/#website\",\"url\":\"https:\/\/princepalace.fr\/\",\"name\":\"princepalace.fr\",\"description\":\"\",\"publisher\":{\"@id\":\"https:\/\/princepalace.fr\/#organization\"},\"potentialAction\":[{\"@type\":\"SearchAction\",\"target\":{\"@type\":\"EntryPoint\",\"urlTemplate\":\"https:\/\/princepalace.fr\/?s={search_term_string}\"},\"query-input\":{\"@type\":\"PropertyValueSpecification\",\"valueRequired\":true,\"valueName\":\"search_term_string\"}}],\"inLanguage\":\"en-US\"},{\"@type\":\"Organization\",\"@id\":\"https:\/\/princepalace.fr\/#organization\",\"name\":\"princepalace.fr\",\"url\":\"https:\/\/princepalace.fr\/\",\"logo\":{\"@type\":\"ImageObject\",\"inLanguage\":\"en-US\",\"@id\":\"https:\/\/princepalace.fr\/#\/schema\/logo\/image\/\",\"url\":\"http:\/\/princepalace.fr\/wp-content\/uploads\/2024\/09\/cropped-logo-prince-palace.png\",\"contentUrl\":\"http:\/\/princepalace.fr\/wp-content\/uploads\/2024\/09\/cropped-logo-prince-palace.png\",\"width\":512,\"height\":512,\"caption\":\"princepalace.fr\"},\"image\":{\"@id\":\"https:\/\/princepalace.fr\/#\/schema\/logo\/image\/\"},\"sameAs\":[\"https:\/\/www.instagram.com\/princepalace_off\/?hl=fr\"]}]}<\/script>\n<!-- \/ Yoast SEO plugin. -->","yoast_head_json":{"title":"D\u00e9jeuner Diner - princepalace.fr","robots":{"index":"index","follow":"follow","max-snippet":"max-snippet:-1","max-image-preview":"max-image-preview:large","max-video-preview":"max-video-preview:-1"},"canonical":"https:\/\/princepalace.fr\/en\/dejeuner-diner\/","og_locale":"en_US","og_type":"article","og_title":"D\u00e9jeuner Diner - princepalace.fr","og_description":"D\u00c9JEUNER &amp; DINERMENUBOISSONS","og_url":"https:\/\/princepalace.fr\/en\/dejeuner-diner\/","og_site_name":"princepalace.fr","article_modified_time":"2025-10-10T23:15:47+00:00","twitter_card":"summary_large_image","twitter_misc":{"Est. reading time":"2 minutes"},"schema":{"@context":"https:\/\/schema.org","@graph":[{"@type":"WebPage","@id":"https:\/\/princepalace.fr\/dejeuner-diner\/","url":"https:\/\/princepalace.fr\/dejeuner-diner\/","name":"D\u00e9jeuner Diner - princepalace.fr","isPartOf":{"@id":"https:\/\/princepalace.fr\/#website"},"datePublished":"2023-04-10T19:57:21+00:00","dateModified":"2025-10-10T23:15:47+00:00","breadcrumb":{"@id":"https:\/\/princepalace.fr\/dejeuner-diner\/#breadcrumb"},"inLanguage":"en-US","potentialAction":[{"@type":"ReadAction","target":["https:\/\/princepalace.fr\/dejeuner-diner\/"]}]},{"@type":"BreadcrumbList","@id":"https:\/\/princepalace.fr\/dejeuner-diner\/#breadcrumb","itemListElement":[{"@type":"ListItem","position":1,"name":"Home","item":"https:\/\/princepalace.fr\/"},{"@type":"ListItem","position":2,"name":"D\u00e9jeuner Diner"}]},{"@type":"WebSite","@id":"https:\/\/princepalace.fr\/#website","url":"https:\/\/princepalace.fr\/","name":"princepalace.fr","description":"","publisher":{"@id":"https:\/\/princepalace.fr\/#organization"},"potentialAction":[{"@type":"SearchAction","target":{"@type":"EntryPoint","urlTemplate":"https:\/\/princepalace.fr\/?s={search_term_string}"},"query-input":{"@type":"PropertyValueSpecification","valueRequired":true,"valueName":"search_term_string"}}],"inLanguage":"en-US"},{"@type":"Organization","@id":"https:\/\/princepalace.fr\/#organization","name":"princepalace.fr","url":"https:\/\/princepalace.fr\/","logo":{"@type":"ImageObject","inLanguage":"en-US","@id":"https:\/\/princepalace.fr\/#\/schema\/logo\/image\/","url":"http:\/\/princepalace.fr\/wp-content\/uploads\/2024\/09\/cropped-logo-prince-palace.png","contentUrl":"http:\/\/princepalace.fr\/wp-content\/uploads\/2024\/09\/cropped-logo-prince-palace.png","width":512,"height":512,"caption":"princepalace.fr"},"image":{"@id":"https:\/\/princepalace.fr\/#\/schema\/logo\/image\/"},"sameAs":["https:\/\/www.instagram.com\/princepalace_off\/?hl=fr"]}]}},"_links":{"self":[{"href":"https:\/\/princepalace.fr\/en\/wp-json\/wp\/v2\/pages\/12","targetHints":{"allow":["GET"]}}],"collection":[{"href":"https:\/\/princepalace.fr\/en\/wp-json\/wp\/v2\/pages"}],"about":[{"href":"https:\/\/princepalace.fr\/en\/wp-json\/wp\/v2\/types\/page"}],"author":[{"embeddable":true,"href":"https:\/\/princepalace.fr\/en\/wp-json\/wp\/v2\/users\/1"}],"replies":[{"embeddable":true,"href":"https:\/\/princepalace.fr\/en\/wp-json\/wp\/v2\/comments?post=12"}],"version-history":[{"count":7,"href":"https:\/\/princepalace.fr\/en\/wp-json\/wp\/v2\/pages\/12\/revisions"}],"predecessor-version":[{"id":1177,"href":"https:\/\/princepalace.fr\/en\/wp-json\/wp\/v2\/pages\/12\/revisions\/1177"}],"wp:attachment":[{"href":"https:\/\/princepalace.fr\/en\/wp-json\/wp\/v2\/media?parent=12"}],"curies":[{"name":"wp","href":"https:\/\/api.w.org\/{rel}","templated":true}]}}