{"id":18,"date":"2023-04-10T22:24:16","date_gmt":"2023-04-10T20:24:16","guid":{"rendered":"https:\/\/princepalace.fr\/?page_id=18"},"modified":"2026-04-01T14:37:02","modified_gmt":"2026-04-01T12:37:02","slug":"contactez-nous","status":"publish","type":"page","link":"https:\/\/princepalace.fr\/en\/contactez-nous\/","title":{"rendered":"Contact Us"},"content":{"rendered":"<p>[et_pb_section fb_built=\u00a0\u00bb1&Prime; admin_label=\u00a0\u00bbHeader\u00a0\u00bb _builder_version=\u00a0\u00bb4.20.4&Prime; background_color=\u00a0\u00bb#000000&Prime; use_background_color_gradient=\u00a0\u00bbon\u00a0\u00bb background_color_gradient_stops=\u00a0\u00bbrgba(0,0,0,0) 0%|#160b00 83%\u00a0\u00bb background_color_gradient_overlays_image=\u00a0\u00bbon\u00a0\u00bb background_color_gradient_start=\u00a0\u00bbrgba(0,0,0,0)\u00a0\u00bb background_color_gradient_end=\u00a0\u00bb#160b00&Prime; background_image=\u00a0\u00bbhttp:\/\/princepalace.fr\/wp-content\/uploads\/2023\/07\/14062023-PrincePalace-11-scaled.jpg\u00a0\u00bb z_index=\u00a0\u00bb1&Prime; locked=\u00a0\u00bboff\u00a0\u00bb global_colors_info=\u00a0\u00bb{}\u00a0\u00bb][et_pb_row column_structure=\u00a0\u00bb3_5,2_5&Prime; _builder_version=\u00a0\u00bb4.20.4&Prime; z_index=\u00a0\u00bb1&Prime; width_tablet=\u00a0\u00bb\u00a0\u00bb width_phone=\u00a0\u00bb\u00a0\u00bb width_last_edited=\u00a0\u00bbon|phone\u00a0\u00bb max_width=\u00a0\u00bb1280px\u00a0\u00bb custom_padding=\u00a0\u00bb|32px||||\u00a0\u00bb global_colors_info=\u00a0\u00bb{}\u00a0\u00bb][et_pb_column type=\u00a0\u00bb3_5&Prime; _builder_version=\u00a0\u00bb4.16&Prime; custom_padding=\u00a0\u00bb80px|5%|80px|5%|true|true\u00a0\u00bb custom_padding_tablet=\u00a0\u00bb|40px||40px|true|true\u00a0\u00bb custom_padding_phone=\u00a0\u00bb40px|20px|40px|20px|true|true\u00a0\u00bb custom_padding_last_edited=\u00a0\u00bbon|phone\u00a0\u00bb border_width_all=\u00a0\u00bb2px\u00a0\u00bb border_color_all=\u00a0\u00bb#ffcf9a\u00a0\u00bb global_colors_info=\u00a0\u00bb{}\u00a0\u00bb][et_pb_text _builder_version=\u00a0\u00bb4.20.4&Prime; text_font=\u00a0\u00bbMontserrat|300|||||||\u00a0\u00bb text_text_color=\u00a0\u00bb#ffebd6&Prime; text_font_size=\u00a0\u00bb32px\u00a0\u00bb text_line_height=\u00a0\u00bb1.5em\u00a0\u00bb header_font=\u00a0\u00bbPlayfair Display||||||||\u00a0\u00bb header_text_color=\u00a0\u00bb#ffebd6&Prime; header_font_size=\u00a0\u00bb80px\u00a0\u00bb header_line_height=\u00a0\u00bb1.2em\u00a0\u00bb header_2_font=\u00a0\u00bb|700||on|||||\u00a0\u00bb header_2_text_color=\u00a0\u00bb#ffcf9a\u00a0\u00bb header_2_font_size=\u00a0\u00bb14px\u00a0\u00bb header_2_letter_spacing=\u00a0\u00bb2px\u00a0\u00bb header_2_line_height=\u00a0\u00bb1.2em\u00a0\u00bb background_layout=\u00a0\u00bbdark\u00a0\u00bb max_width=\u00a0\u00bb588px\u00a0\u00bb custom_margin=\u00a0\u00bb-6px|||0px|false|false\u00a0\u00bb custom_padding=\u00a0\u00bb1px||||false|false\u00a0\u00bb text_font_size_tablet=\u00a0\u00bb24px\u00a0\u00bb text_font_size_phone=\u00a0\u00bb20px\u00a0\u00bb text_font_size_last_edited=\u00a0\u00bbon|phone\u00a0\u00bb header_font_size_tablet=\u00a0\u00bb80px\u00a0\u00bb header_font_size_phone=\u00a0\u00bb40px\u00a0\u00bb header_font_size_last_edited=\u00a0\u00bbon|phone\u00a0\u00bb global_colors_info=\u00a0\u00bb{}\u00a0\u00bb]<\/p>\n<h2><\/h2>\n<h1>Contact Us<\/h1>\n<p>For any questions or event planning needs.<\/p>\n<p>[\/et_pb_text][et_pb_button button_url=\u00a0\u00bbhttps:\/\/api.leadconnectorhq.com\/widget\/survey\/mIg3En51wRiofXXKsSD6&Prime; button_text=\u00a0\u00bbQuestions \/ R\u00e9clamation\u00a0\u00bb button_alignment=\u00a0\u00bbleft\u00a0\u00bb _builder_version=\u00a0\u00bb4.20.4&Prime; custom_button=\u00a0\u00bbon\u00a0\u00bb button_text_size=\u00a0\u00bb14px\u00a0\u00bb button_text_color=\u00a0\u00bb#000000&Prime; button_bg_color=\u00a0\u00bbrgba(198,171,89,0.96)\u00a0\u00bb button_border_width=\u00a0\u00bb0px\u00a0\u00bb button_border_radius=\u00a0\u00bb0px\u00a0\u00bb button_letter_spacing=\u00a0\u00bb2px\u00a0\u00bb button_font=\u00a0\u00bbMontserrat|700||on|||||\u00a0\u00bb custom_margin=\u00a0\u00bb40px||||false|false\u00a0\u00bb custom_padding=\u00a0\u00bb15px|25px|15px|25px|true|true\u00a0\u00bb locked=\u00a0\u00bboff\u00a0\u00bb global_colors_info=\u00a0\u00bb{}\u00a0\u00bb button_text_color__hover=\u00a0\u00bb#160b00&Prime; button_text_color__hover_enabled=\u00a0\u00bboff\u00a0\u00bb button_bg_color__hover=\u00a0\u00bb#ffebd6&Prime; button_bg_color__hover_enabled=\u00a0\u00bbon\u00a0\u00bb button_bg_enable_color__hover=\u00a0\u00bbon\u00a0\u00bb][\/et_pb_button][\/et_pb_column][et_pb_column type=\u00a0\u00bb2_5&Prime; _builder_version=\u00a0\u00bb4.20.4&Prime; background_color=\u00a0\u00bbrgba(198,179,117,0.8)\u00a0\u00bb background_image=\u00a0\u00bbhttp:\/\/princepalace.fr\/wp-content\/uploads\/2023\/04\/bar-01.png\u00a0\u00bb parallax=\u00a0\u00bbon\u00a0\u00bb transform_scale_tablet=\u00a0\u00bb\u00a0\u00bb transform_scale_phone=\u00a0\u00bb\u00a0\u00bb transform_scale_last_edited=\u00a0\u00bbon|desktop\u00a0\u00bb transform_translate=\u00a0\u00bb0px|300px\u00a0\u00bb transform_translate_tablet=\u00a0\u00bb0px|0px\u00a0\u00bb transform_translate_phone=\u00a0\u00bb\u00a0\u00bb transform_translate_last_edited=\u00a0\u00bbon|tablet\u00a0\u00bb transform_translate_linked=\u00a0\u00bboff\u00a0\u00bb transform_rotate_tablet=\u00a0\u00bb\u00a0\u00bb transform_rotate_phone=\u00a0\u00bb\u00a0\u00bb transform_rotate_last_edited=\u00a0\u00bbon|desktop\u00a0\u00bb transform_skew_tablet=\u00a0\u00bb\u00a0\u00bb transform_skew_phone=\u00a0\u00bb\u00a0\u00bb transform_skew_last_edited=\u00a0\u00bbon|desktop\u00a0\u00bb transform_origin_tablet=\u00a0\u00bb\u00a0\u00bb transform_origin_phone=\u00a0\u00bb\u00a0\u00bb transform_origin_last_edited=\u00a0\u00bbon|desktop\u00a0\u00bb transform_styles_last_edited=\u00a0\u00bbon|tablet\u00a0\u00bb custom_padding=\u00a0\u00bb60px|60px|60px|60px|false|true\u00a0\u00bb custom_padding_tablet=\u00a0\u00bb60px||60px||true|false\u00a0\u00bb custom_padding_phone=\u00a0\u00bb40px|40px|40px|40px|true|true\u00a0\u00bb custom_padding_last_edited=\u00a0\u00bbon|phone\u00a0\u00bb transform_styles_tablet=\u00a0\u00bb\u00a0\u00bb transform_styles_phone=\u00a0\u00bb\u00a0\u00bb global_colors_info=\u00a0\u00bb{}\u00a0\u00bb][et_pb_text _builder_version=\u00a0\u00bb4.27.4&Prime; text_font=\u00a0\u00bbTimes New Roman||||||||\u00a0\u00bb text_text_color=\u00a0\u00bbrgba(22,11,0,0.62)\u00a0\u00bb header_font=\u00a0\u00bbTimes New Roman||||||||\u00a0\u00bb header_text_align=\u00a0\u00bbcenter\u00a0\u00bb header_2_font=\u00a0\u00bbTimes New Roman||||||||\u00a0\u00bb header_3_font=\u00a0\u00bb|700||on|||||\u00a0\u00bb header_3_text_color=\u00a0\u00bb#160b00&Prime; header_3_font_size=\u00a0\u00bb14px\u00a0\u00bb header_3_letter_spacing=\u00a0\u00bb2px\u00a0\u00bb header_3_line_height=\u00a0\u00bb1.2em\u00a0\u00bb text_orientation=\u00a0\u00bbcenter\u00a0\u00bb max_width=\u00a0\u00bb550px\u00a0\u00bb module_alignment=\u00a0\u00bbcenter\u00a0\u00bb custom_margin=\u00a0\u00bb-19px||-41px||false|false\u00a0\u00bb text_font_size_tablet=\u00a0\u00bb24px\u00a0\u00bb text_font_size_phone=\u00a0\u00bb20px\u00a0\u00bb text_font_size_last_edited=\u00a0\u00bboff|phone\u00a0\u00bb header_2_text_shadow_style=\u00a0\u00bbpreset4&Prime; locked=\u00a0\u00bboff\u00a0\u00bb global_colors_info=\u00a0\u00bb{}\u00a0\u00bb]<\/p>\n<h2 style=\"text-align: center;\">OPEN EVERY DAY<\/h2>\n<p>&nbsp;<\/p>\n<p><span style=\"color: #333333;\"><a href=\"\/en\/\" style=\"color: #333333;\">Restaurant Champs-Elys\u00e9es<\/a><\/span><\/p>\n<h4>DU LUNDI AU DIMANCHE<\/h4>\n<h4>DE 17H00 \u00e0 05H00<\/h4>\n<p>&nbsp;<\/p>\n<h4>CONTINUOUS SERVICE<\/h4>\n<p>&nbsp;<\/p>\n<p>[\/et_pb_text][et_pb_button button_text=\u00a0\u00bbVOIR LA CARTE\u00a0\u00bb button_alignment=\u00a0\u00bbcenter\u00a0\u00bb _builder_version=\u00a0\u00bb4.20.4&Prime; custom_button=\u00a0\u00bbon\u00a0\u00bb button_text_size=\u00a0\u00bb14px\u00a0\u00bb button_text_color=\u00a0\u00bb#ffcf9a\u00a0\u00bb button_bg_color=\u00a0\u00bb#160b00&Prime; button_border_width=\u00a0\u00bb0px\u00a0\u00bb button_border_radius=\u00a0\u00bb0px\u00a0\u00bb button_letter_spacing=\u00a0\u00bb2px\u00a0\u00bb button_font=\u00a0\u00bbMontserrat|700||on|||||\u00a0\u00bb custom_margin=\u00a0\u00bb50px||||false|false\u00a0\u00bb custom_padding=\u00a0\u00bb17px|27px|17px|27px|true|true\u00a0\u00bb locked=\u00a0\u00bboff\u00a0\u00bb global_colors_info=\u00a0\u00bb{}\u00a0\u00bb button_text_color__hover=\u00a0\u00bb#160b00&Prime; button_text_color__hover_enabled=\u00a0\u00bbon\u00a0\u00bb button_bg_color__hover=\u00a0\u00bb#ffcf9a\u00a0\u00bb button_bg_color__hover_enabled=\u00a0\u00bbon\u00a0\u00bb button_bg_enable_color__hover=\u00a0\u00bbon\u00a0\u00bb][\/et_pb_button][\/et_pb_column][\/et_pb_row][\/et_pb_section][et_pb_section fb_built=\u00a0\u00bb1&Prime; admin_label=\u00a0\u00bbMap\u00a0\u00bb _builder_version=\u00a0\u00bb4.20.4&Prime; background_color=\u00a0\u00bb#000000&Prime; locked=\u00a0\u00bboff\u00a0\u00bb global_colors_info=\u00a0\u00bb{}\u00a0\u00bb][et_pb_row _builder_version=\u00a0\u00bb4.20.4&Prime; global_colors_info=\u00a0\u00bb{}\u00a0\u00bb][et_pb_column type=\u00a0\u00bb4_4&Prime; _builder_version=\u00a0\u00bb4.20.4&Prime; global_colors_info=\u00a0\u00bb{}\u00a0\u00bb][et_pb_text _builder_version=\u00a0\u00bb4.20.4&Prime; text_font=\u00a0\u00bbPlayfair Display||||||||\u00a0\u00bb text_text_color=\u00a0\u00bb#C6A235&Prime; text_font_size=\u00a0\u00bb11px\u00a0\u00bb header_2_font=\u00a0\u00bbPlayfair Display||||||||\u00a0\u00bb header_2_text_color=\u00a0\u00bb#ffebd6&Prime; header_2_font_size=\u00a0\u00bb60px\u00a0\u00bb header_2_line_height=\u00a0\u00bb1.2em\u00a0\u00bb header_6_font=\u00a0\u00bb|700||on|||||\u00a0\u00bb header_6_text_color=\u00a0\u00bb#ffcf9a\u00a0\u00bb header_6_letter_spacing=\u00a0\u00bb2px\u00a0\u00bb header_6_line_height=\u00a0\u00bb1.2em\u00a0\u00bb header_2_font_size_tablet=\u00a0\u00bb40px\u00a0\u00bb header_2_font_size_phone=\u00a0\u00bb30px\u00a0\u00bb header_2_font_size_last_edited=\u00a0\u00bbon|phone\u00a0\u00bb locked=\u00a0\u00bboff\u00a0\u00bb global_colors_info=\u00a0\u00bb{}\u00a0\u00bb]<\/p>\n<h2>Address\u00a0<\/h2>\n<h2><\/h2>\n<p>[\/et_pb_text][\/et_pb_column][\/et_pb_row][et_pb_row _builder_version=\u00a0\u00bb4.20.4&Prime; _module_preset=\u00a0\u00bbdefault\u00a0\u00bb custom_margin=\u00a0\u00bb|auto|-65px|auto||\u00a0\u00bb global_colors_info=\u00a0\u00bb{}\u00a0\u00bb][et_pb_column type=\u00a0\u00bb4_4&Prime; _builder_version=\u00a0\u00bb4.20.4&Prime; _module_preset=\u00a0\u00bbdefault\u00a0\u00bb global_colors_info=\u00a0\u00bb{}\u00a0\u00bb][et_pb_code _builder_version=\u00a0\u00bb4.20.4&Prime; _module_preset=\u00a0\u00bbdefault\u00a0\u00bb custom_margin=\u00a0\u00bb|||252px|false|false\u00a0\u00bb custom_margin_tablet=\u00a0\u00bb|||2px|false|false\u00a0\u00bb custom_margin_phone=\u00a0\u00bb|||2px|false|false\u00a0\u00bb custom_margin_last_edited=\u00a0\u00bbon|tablet\u00a0\u00bb animation_style=\u00a0\u00bbfade\u00a0\u00bb border_radii=\u00a0\u00bbon|4px|4px|4px|4px\u00a0\u00bb border_color_all=\u00a0\u00bb#000000&Prime; global_colors_info=\u00a0\u00bb{}\u00a0\u00bb]<iframe src=\"https:\/\/www.google.com\/maps\/embed?pb=!1m18!1m12!1m3!1d2624.2746188957085!2d2.3024671766572875!3d48.87204117133399!2m3!1f0!2f0!3f0!3m2!1i1024!2i768!4f13.1!3m3!1m2!1s0x47e66fc3e01dd13b%3A0x9bfcdff40d177568!2sPRINCE%20PALACE!5e0!3m2!1sfr!2sfr!4v1681981013840!5m2!1sfr!2sfr\" width=\"600\" height=\"450\" style=\"border:0;\" allowfullscreen=\"\" loading=\"lazy\" referrerpolicy=\"no-referrer-when-downgrade\"><\/iframe>[\/et_pb_code][\/et_pb_column][\/et_pb_row][\/et_pb_section][et_pb_section fb_built=\u00a0\u00bb1&Prime; admin_label=\u00a0\u00bbFooter\u00a0\u00bb _builder_version=\u00a0\u00bb4.20.4&Prime; background_color=\u00a0\u00bb#000000&Prime; saved_tabs=\u00a0\u00bball\u00a0\u00bb locked=\u00a0\u00bboff\u00a0\u00bb global_colors_info=\u00a0\u00bb{}\u00a0\u00bb][et_pb_row _builder_version=\u00a0\u00bb4.20.4&Prime; width=\u00a0\u00bb89%\u00a0\u00bb max_width=\u00a0\u00bb885px\u00a0\u00bb custom_padding=\u00a0\u00bb70px|||||\u00a0\u00bb global_colors_info=\u00a0\u00bb{}\u00a0\u00bb][et_pb_column type=\u00a0\u00bb4_4&Prime; _builder_version=\u00a0\u00bb4.20.4&Prime; custom_padding=\u00a0\u00bb0px||3px||false|false\u00a0\u00bb global_colors_info=\u00a0\u00bb{}\u00a0\u00bb][et_pb_text _builder_version=\u00a0\u00bb4.27.4&Prime; text_font=\u00a0\u00bbMontserrat|700|||||||\u00a0\u00bb text_text_color=\u00a0\u00bb#ffcf9a\u00a0\u00bb text_font_size=\u00a0\u00bb24px\u00a0\u00bb text_line_height=\u00a0\u00bb1.5em\u00a0\u00bb header_3_font=\u00a0\u00bb|700||on|||||\u00a0\u00bb header_3_text_color=\u00a0\u00bbrgba(255,207,154,0.4)\u00a0\u00bb header_3_font_size=\u00a0\u00bb14px\u00a0\u00bb header_3_letter_spacing=\u00a0\u00bb2px\u00a0\u00bb header_3_line_height=\u00a0\u00bb1.2em\u00a0\u00bb text_orientation=\u00a0\u00bbcenter\u00a0\u00bb background_layout=\u00a0\u00bbdark\u00a0\u00bb max_width=\u00a0\u00bb550px\u00a0\u00bb module_alignment=\u00a0\u00bbcenter\u00a0\u00bb min_height=\u00a0\u00bb132px\u00a0\u00bb custom_margin_tablet=\u00a0\u00bb||40px||false|false\u00a0\u00bb custom_margin_phone=\u00a0\u00bb||30px||false|false\u00a0\u00bb custom_margin_last_edited=\u00a0\u00bboff|phone\u00a0\u00bb custom_padding=\u00a0\u00bb||18px||false|false\u00a0\u00bb text_font_size_tablet=\u00a0\u00bb24px\u00a0\u00bb text_font_size_phone=\u00a0\u00bb14px\u00a0\u00bb text_font_size_last_edited=\u00a0\u00bbon|phone\u00a0\u00bb border_width_bottom=\u00a0\u00bb1px\u00a0\u00bb text_text_align=\u00a0\u00bbcenter\u00a0\u00bb locked=\u00a0\u00bboff\u00a0\u00bb global_colors_info=\u00a0\u00bb{}\u00a0\u00bb]<\/p>\n<div style=\"margin: 0; line-height: 1; text-align: center;\">\n<h3><span style=\"display: block; margin: 0 0 6px 0; color: rgba(255,207,154,0.85); font-family: 'Georgia Pro', Georgia, serif; font-weight: bold; text-transform: uppercase; letter-spacing: 0.08em; font-size: 18px;\"><br \/>\nPrime location in the heart of Paris<\/span><\/h3>\n<p><span style=\"display: block; margin: 0; color: #7a6242; font-family: inherit; font-weight: bold; text-transform: uppercase; letter-spacing: 0.12em; font-size: 13px;\"><\/span><\/p>\n<p><span style=\"display: block; margin: 0; color: #7a6242; font-family: inherit; font-weight: bold; text-transform: uppercase; letter-spacing: 0.12em; font-size: 13px;\"><br \/>\nAddress<\/span><\/p>\n<p><span style=\"display: block; margin: 0; line-height: 1;\">76 Av. des Champs-\u00c9lys\u00e9es, 75008 Paris<\/span><\/p>\n<p><span style=\"display: block; margin: 0; line-height: 1;\">59 Rue de Ponthieu, 75008<br \/>\n<\/span><\/p>\n<\/div>\n<p>[\/et_pb_text][et_pb_text _builder_version=\u00a0\u00bb4.27.4&Prime; text_font=\u00a0\u00bbMontserrat|700|||||||\u00a0\u00bb text_text_color=\u00a0\u00bb#ffcf9a\u00a0\u00bb text_font_size=\u00a0\u00bb24px\u00a0\u00bb text_line_height=\u00a0\u00bb1.5em\u00a0\u00bb link_font=\u00a0\u00bb||||on|||rgba(255,207,154,0.35)|\u00a0\u00bb link_text_color=\u00a0\u00bb#ffcf9a\u00a0\u00bb header_3_font=\u00a0\u00bb|700||on|||||\u00a0\u00bb header_3_text_color=\u00a0\u00bbrgba(255,207,154,0.4)\u00a0\u00bb header_3_font_size=\u00a0\u00bb14px\u00a0\u00bb header_3_letter_spacing=\u00a0\u00bb2px\u00a0\u00bb header_3_line_height=\u00a0\u00bb1.2em\u00a0\u00bb text_orientation=\u00a0\u00bbcenter\u00a0\u00bb background_layout=\u00a0\u00bbdark\u00a0\u00bb max_width=\u00a0\u00bb550px\u00a0\u00bb module_alignment=\u00a0\u00bbcenter\u00a0\u00bb custom_margin_tablet=\u00a0\u00bb||40px||false|false\u00a0\u00bb custom_margin_phone=\u00a0\u00bb||30px||false|false\u00a0\u00bb custom_margin_last_edited=\u00a0\u00bboff|phone\u00a0\u00bb custom_padding=\u00a0\u00bb||18px||false|false\u00a0\u00bb text_font_size_tablet=\u00a0\u00bb24px\u00a0\u00bb text_font_size_phone=\u00a0\u00bb14px\u00a0\u00bb text_font_size_last_edited=\u00a0\u00bbon|phone\u00a0\u00bb border_width_bottom=\u00a0\u00bb1px\u00a0\u00bb text_text_align=\u00a0\u00bbcenter\u00a0\u00bb locked=\u00a0\u00bboff\u00a0\u00bb global_colors_info=\u00a0\u00bb{}\u00a0\u00bb]<\/p>\n<div style=\"margin: 0; line-height: 1;\"><span style=\"display: block; margin: 0; color: #7a6242; font-family: inherit; font-weight: bold; text-transform: uppercase; letter-spacing: 0.12em; font-size: 13px;\"><br \/>\nCONTACT (24\/7)<br \/>\n<\/span><br \/>\n<span style=\"display: block; margin: 0; line-height: 1; font-weight: bold; font-size: 28px; color: #f5e3d3;\">01 59 13 32 68<br \/>\n<\/span><\/div>\n<p>[\/et_pb_text][et_pb_text _builder_version=\u00a0\u00bb4.27.4&Prime; text_font=\u00a0\u00bbMontserrat||||||||\u00a0\u00bb text_text_color=\u00a0\u00bbrgba(255,207,154,0.7)\u00a0\u00bb header_3_font=\u00a0\u00bb|700||on|||||\u00a0\u00bb header_3_text_color=\u00a0\u00bb#ffcf9a\u00a0\u00bb header_3_font_size=\u00a0\u00bb14px\u00a0\u00bb header_3_letter_spacing=\u00a0\u00bb2px\u00a0\u00bb header_3_line_height=\u00a0\u00bb1.2em\u00a0\u00bb background_color=\u00a0\u00bb#000000&Prime; text_orientation=\u00a0\u00bbcenter\u00a0\u00bb background_layout=\u00a0\u00bbdark\u00a0\u00bb max_width=\u00a0\u00bb550px\u00a0\u00bb module_alignment=\u00a0\u00bbcenter\u00a0\u00bb text_font_size_tablet=\u00a0\u00bb24px\u00a0\u00bb text_font_size_phone=\u00a0\u00bb20px\u00a0\u00bb text_font_size_last_edited=\u00a0\u00bboff|phone\u00a0\u00bb text_text_align=\u00a0\u00bbcenter\u00a0\u00bb locked=\u00a0\u00bboff\u00a0\u00bb global_colors_info=\u00a0\u00bb{}\u00a0\u00bb]<\/p>\n<div style=\"margin: 0; line-height: 1;\">\n<p style=\"text-align: center;\"><span style=\"display: block; margin: 0; color: rgba(255,207,154,0.85); font-family: inherit; font-weight: bold; text-transform: uppercase; letter-spacing: 0.12em; font-size: 13px;\">OPEN EVERY DAY<br \/><\/span><\/p>\n<p style=\"text-align: center;\"><span style=\"color: #f5e3d3;\">DU LUNDI AU DIMANCHE DE 17H00 \u00c0 05H00<\/span><\/p>\n<p style=\"text-align: center;\"><span style=\"display: block; margin: 4px 0 0 0; color: #f5e3d3;\">CONTINUOUS SERVICE<\/span><\/p>\n<p><span style=\"display: block; margin: 0; color: rgba(255,207,154,0.85); font-family: inherit; font-weight: bold; text-transform: uppercase; letter-spacing: 0.12em; font-size: 13px;\">\u00a0<\/span><\/p>\n<\/div>\n<p>[\/et_pb_text][\/et_pb_column][\/et_pb_row][\/et_pb_section]<\/p>","protected":false},"excerpt":{"rendered":"<p>Contactez nous Pour toute question ou besoin en planification d&rsquo;\u00e9v\u00e9nements.OUVERT TOUS LES JOURS &nbsp; Restaurant Champs-Elys\u00e9es DU LUNDI AU DIMANCHE DE 17H00 \u00e0 05H00 &nbsp; SERVICE EN CONTINU &nbsp;Adresse\u00a0 Localisation id\u00e9ale en Plein Paris ADRESSE 76 Av. des Champs-\u00c9lys\u00e9es, 75008 Paris 59 Rue de Ponthieu, 75008 CONTACT (24H\/24 7J\/7) 01 59 13 32 68 OUVERT [&hellip;]<\/p>","protected":false},"author":1,"featured_media":0,"parent":0,"menu_order":0,"comment_status":"closed","ping_status":"closed","template":"","meta":{"_et_pb_use_builder":"on","_et_pb_old_content":"<!-- wp:divi\/placeholder \/-->","_et_gb_content_width":"","footnotes":""},"class_list":["post-18","page","type-page","status-publish","hentry"],"yoast_head":"<!-- This site is optimized with the Yoast SEO plugin v25.7 - https:\/\/yoast.com\/wordpress\/plugins\/seo\/ -->\n<title>Contactez-nous \u2013 Prince Palace Paris | R\u00e9servations &amp; Infos<\/title>\n<meta name=\"description\" content=\"Besoin d&#039;informations ou de r\u00e9server une table au Prince Palace Paris ? Contactez-nous 7j\/7 au 01 59 13 32 68 ou via notre formulaire en ligne.\" \/>\n<meta name=\"robots\" content=\"index, follow, max-snippet:-1, max-image-preview:large, max-video-preview:-1\" \/>\n<link rel=\"canonical\" href=\"https:\/\/princepalace.fr\/en\/contactez-nous\/\" \/>\n<meta property=\"og:locale\" content=\"en_US\" \/>\n<meta property=\"og:type\" content=\"article\" \/>\n<meta property=\"og:title\" content=\"Contactez-nous \u2013 Prince Palace Paris | R\u00e9servations &amp; Infos\" \/>\n<meta property=\"og:description\" content=\"Besoin d&#039;informations ou de r\u00e9server une table au Prince Palace Paris ? Contactez-nous 7j\/7 au 01 59 13 32 68 ou via notre formulaire en ligne.\" \/>\n<meta property=\"og:url\" content=\"https:\/\/princepalace.fr\/en\/contactez-nous\/\" \/>\n<meta property=\"og:site_name\" content=\"princepalace.fr\" \/>\n<meta property=\"article:modified_time\" content=\"2026-04-01T12:37:02+00:00\" \/>\n<meta name=\"twitter:card\" content=\"summary_large_image\" \/>\n<meta name=\"twitter:label1\" content=\"Est. reading time\" \/>\n\t<meta name=\"twitter:data1\" content=\"1 minute\" \/>\n<script type=\"application\/ld+json\" class=\"yoast-schema-graph\">{\"@context\":\"https:\/\/schema.org\",\"@graph\":[{\"@type\":\"WebPage\",\"@id\":\"https:\/\/princepalace.fr\/contactez-nous\/\",\"url\":\"https:\/\/princepalace.fr\/contactez-nous\/\",\"name\":\"Contactez-nous \u2013 Prince Palace Paris | R\u00e9servations & Infos\",\"isPartOf\":{\"@id\":\"https:\/\/princepalace.fr\/#website\"},\"datePublished\":\"2023-04-10T20:24:16+00:00\",\"dateModified\":\"2026-04-01T12:37:02+00:00\",\"description\":\"Besoin d'informations ou de r\u00e9server une table au Prince Palace Paris ? Contactez-nous 7j\/7 au 01 59 13 32 68 ou via notre formulaire en ligne.\",\"breadcrumb\":{\"@id\":\"https:\/\/princepalace.fr\/contactez-nous\/#breadcrumb\"},\"inLanguage\":\"en-US\",\"potentialAction\":[{\"@type\":\"ReadAction\",\"target\":[\"https:\/\/princepalace.fr\/contactez-nous\/\"]}]},{\"@type\":\"BreadcrumbList\",\"@id\":\"https:\/\/princepalace.fr\/contactez-nous\/#breadcrumb\",\"itemListElement\":[{\"@type\":\"ListItem\",\"position\":1,\"name\":\"Home\",\"item\":\"https:\/\/princepalace.fr\/\"},{\"@type\":\"ListItem\",\"position\":2,\"name\":\"Contactez-nous\"}]},{\"@type\":\"WebSite\",\"@id\":\"https:\/\/princepalace.fr\/#website\",\"url\":\"https:\/\/princepalace.fr\/\",\"name\":\"princepalace.fr\",\"description\":\"\",\"publisher\":{\"@id\":\"https:\/\/princepalace.fr\/#organization\"},\"potentialAction\":[{\"@type\":\"SearchAction\",\"target\":{\"@type\":\"EntryPoint\",\"urlTemplate\":\"https:\/\/princepalace.fr\/?s={search_term_string}\"},\"query-input\":{\"@type\":\"PropertyValueSpecification\",\"valueRequired\":true,\"valueName\":\"search_term_string\"}}],\"inLanguage\":\"en-US\"},{\"@type\":\"Organization\",\"@id\":\"https:\/\/princepalace.fr\/#organization\",\"name\":\"princepalace.fr\",\"url\":\"https:\/\/princepalace.fr\/\",\"logo\":{\"@type\":\"ImageObject\",\"inLanguage\":\"en-US\",\"@id\":\"https:\/\/princepalace.fr\/#\/schema\/logo\/image\/\",\"url\":\"http:\/\/princepalace.fr\/wp-content\/uploads\/2024\/09\/cropped-logo-prince-palace.png\",\"contentUrl\":\"http:\/\/princepalace.fr\/wp-content\/uploads\/2024\/09\/cropped-logo-prince-palace.png\",\"width\":512,\"height\":512,\"caption\":\"princepalace.fr\"},\"image\":{\"@id\":\"https:\/\/princepalace.fr\/#\/schema\/logo\/image\/\"},\"sameAs\":[\"https:\/\/www.instagram.com\/princepalace_off\/?hl=fr\"]}]}<\/script>\n<!-- \/ Yoast SEO plugin. -->","yoast_head_json":{"title":"Contactez-nous \u2013 Prince Palace Paris | R\u00e9servations & Infos","description":"Besoin d'informations ou de r\u00e9server une table au Prince Palace Paris ? Contactez-nous 7j\/7 au 01 59 13 32 68 ou via notre formulaire en ligne.","robots":{"index":"index","follow":"follow","max-snippet":"max-snippet:-1","max-image-preview":"max-image-preview:large","max-video-preview":"max-video-preview:-1"},"canonical":"https:\/\/princepalace.fr\/en\/contactez-nous\/","og_locale":"en_US","og_type":"article","og_title":"Contactez-nous \u2013 Prince Palace Paris | R\u00e9servations & Infos","og_description":"Besoin d'informations ou de r\u00e9server une table au Prince Palace Paris ? Contactez-nous 7j\/7 au 01 59 13 32 68 ou via notre formulaire en ligne.","og_url":"https:\/\/princepalace.fr\/en\/contactez-nous\/","og_site_name":"princepalace.fr","article_modified_time":"2026-04-01T12:37:02+00:00","twitter_card":"summary_large_image","twitter_misc":{"Est. reading time":"1 minute"},"schema":{"@context":"https:\/\/schema.org","@graph":[{"@type":"WebPage","@id":"https:\/\/princepalace.fr\/contactez-nous\/","url":"https:\/\/princepalace.fr\/contactez-nous\/","name":"Contactez-nous \u2013 Prince Palace Paris | R\u00e9servations & Infos","isPartOf":{"@id":"https:\/\/princepalace.fr\/#website"},"datePublished":"2023-04-10T20:24:16+00:00","dateModified":"2026-04-01T12:37:02+00:00","description":"Besoin d'informations ou de r\u00e9server une table au Prince Palace Paris ? Contactez-nous 7j\/7 au 01 59 13 32 68 ou via notre formulaire en ligne.","breadcrumb":{"@id":"https:\/\/princepalace.fr\/contactez-nous\/#breadcrumb"},"inLanguage":"en-US","potentialAction":[{"@type":"ReadAction","target":["https:\/\/princepalace.fr\/contactez-nous\/"]}]},{"@type":"BreadcrumbList","@id":"https:\/\/princepalace.fr\/contactez-nous\/#breadcrumb","itemListElement":[{"@type":"ListItem","position":1,"name":"Home","item":"https:\/\/princepalace.fr\/"},{"@type":"ListItem","position":2,"name":"Contactez-nous"}]},{"@type":"WebSite","@id":"https:\/\/princepalace.fr\/#website","url":"https:\/\/princepalace.fr\/","name":"princepalace.fr","description":"","publisher":{"@id":"https:\/\/princepalace.fr\/#organization"},"potentialAction":[{"@type":"SearchAction","target":{"@type":"EntryPoint","urlTemplate":"https:\/\/princepalace.fr\/?s={search_term_string}"},"query-input":{"@type":"PropertyValueSpecification","valueRequired":true,"valueName":"search_term_string"}}],"inLanguage":"en-US"},{"@type":"Organization","@id":"https:\/\/princepalace.fr\/#organization","name":"princepalace.fr","url":"https:\/\/princepalace.fr\/","logo":{"@type":"ImageObject","inLanguage":"en-US","@id":"https:\/\/princepalace.fr\/#\/schema\/logo\/image\/","url":"http:\/\/princepalace.fr\/wp-content\/uploads\/2024\/09\/cropped-logo-prince-palace.png","contentUrl":"http:\/\/princepalace.fr\/wp-content\/uploads\/2024\/09\/cropped-logo-prince-palace.png","width":512,"height":512,"caption":"princepalace.fr"},"image":{"@id":"https:\/\/princepalace.fr\/#\/schema\/logo\/image\/"},"sameAs":["https:\/\/www.instagram.com\/princepalace_off\/?hl=fr"]}]}},"_links":{"self":[{"href":"https:\/\/princepalace.fr\/en\/wp-json\/wp\/v2\/pages\/18","targetHints":{"allow":["GET"]}}],"collection":[{"href":"https:\/\/princepalace.fr\/en\/wp-json\/wp\/v2\/pages"}],"about":[{"href":"https:\/\/princepalace.fr\/en\/wp-json\/wp\/v2\/types\/page"}],"author":[{"embeddable":true,"href":"https:\/\/princepalace.fr\/en\/wp-json\/wp\/v2\/users\/1"}],"replies":[{"embeddable":true,"href":"https:\/\/princepalace.fr\/en\/wp-json\/wp\/v2\/comments?post=18"}],"version-history":[{"count":13,"href":"https:\/\/princepalace.fr\/en\/wp-json\/wp\/v2\/pages\/18\/revisions"}],"predecessor-version":[{"id":1249,"href":"https:\/\/princepalace.fr\/en\/wp-json\/wp\/v2\/pages\/18\/revisions\/1249"}],"wp:attachment":[{"href":"https:\/\/princepalace.fr\/en\/wp-json\/wp\/v2\/media?parent=18"}],"curies":[{"name":"wp","href":"https:\/\/api.w.org\/{rel}","templated":true}]}}